{"id":221,"date":"2025-10-29T20:36:09","date_gmt":"2025-10-29T20:36:09","guid":{"rendered":"https:\/\/www.mdmarine-yachtcharter.com\/de\/?page_id=221"},"modified":"2025-11-10T21:45:27","modified_gmt":"2025-11-10T21:45:27","slug":"tuerkei","status":"publish","type":"page","link":"https:\/\/www.mdmarine-yachtcharter.com\/de\/yachten\/tuerkei\/","title":{"rendered":"T\u00fcrkei"},"content":{"rendered":"<style>.kb-gallery-id-221_2ba255-78 .kadence-blocks-gallery-item .kb-gal-image-radius, .kb-gallery-id-221_2ba255-78 .kb-slide-item .kb-gal-image-radius img{border-radius:0px 0px 0px 0px;;}.kb-gallery-wrap-id-221_2ba255-78.wp-block-kadence-advancedgallery{overflow:visible;}.kb-gallery-wrap-id-221_2ba255-78.wp-block-kadence-advancedgallery .kt-blocks-carousel{overflow:visible;}<\/style><div class=\"kb-gallery-wrap-id-221_2ba255-78 alignnone wp-block-kadence-advancedgallery\"><div class=\"kb-gallery-ul kb-gallery-non-static kb-gallery-type-slider kb-gallery-id-221_2ba255-78 kb-gallery-caption-style-bottom-hover kb-gallery-filter-none\" data-image-filter=\"none\" data-lightbox-caption=\"true\"><div class=\"kt-blocks-carousel splide kt-carousel-container-dotstyle-dark kt-carousel-arrowstyle-whiteondark kt-carousel-dotstyle-dark kb-slider-group-arrow kb-slider-arrow-position-center\" data-slider-anim-speed=\"400\" data-slider-scroll=\"1\" data-slider-arrows=\"true\" data-slider-fade=\"true\" data-slider-dots=\"true\" data-slider-type=\"slider\" data-slider-hover-pause=\"false\" data-slider-auto=\"1\" data-slider-speed=\"7000\" data-show-pause-button=\"false\"><div class=\"splide__track\"><ul class=\"kt-blocks-carousel-init kb-blocks-slider splide__list\"><li class=\"kb-slide-item kb-gallery-slide-item splide__slide\"><div class=\"kadence-blocks-gallery-item\"><div class=\"kadence-blocks-gallery-item-inner\"><figure class=\"kb-gallery-figure kadence-blocks-gallery-item-hide-caption\"><div class=\"kb-gal-image-radius\"><div class=\"kb-gallery-image-contain kadence-blocks-gallery-intrinsic kb-gallery-image-ratio-land32 kb-has-image-ratio-land32\" ><img loading=\"lazy\" decoding=\"async\" src=\"https:\/\/www.mdmarine-yachtcharter.com\/de\/wp-content\/uploads\/2025\/11\/Yachtcharter_Fethiye_Tuerkei.jpg\" width=\"1024\" height=\"500\" alt=\"Katamarane und Segelyachten in Fethiye in der T\u00fcrkei mieten\" data-full-image=\"https:\/\/www.mdmarine-yachtcharter.com\/de\/wp-content\/uploads\/2025\/11\/Yachtcharter_Fethiye_Tuerkei.jpg\" data-light-image=\"https:\/\/www.mdmarine-yachtcharter.com\/de\/wp-content\/uploads\/2025\/11\/Yachtcharter_Fethiye_Tuerkei.jpg\" data-id=\"913\" class=\"wp-image-913 skip-lazy\" srcset=\"https:\/\/www.mdmarine-yachtcharter.com\/de\/wp-content\/uploads\/2025\/11\/Yachtcharter_Fethiye_Tuerkei.jpg 1024w, https:\/\/www.mdmarine-yachtcharter.com\/de\/wp-content\/uploads\/2025\/11\/Yachtcharter_Fethiye_Tuerkei-300x146.jpg 300w, https:\/\/www.mdmarine-yachtcharter.com\/de\/wp-content\/uploads\/2025\/11\/Yachtcharter_Fethiye_Tuerkei-768x375.jpg 768w\" sizes=\"auto, (max-width: 1024px) 100vw, 1024px\" \/><\/div><\/div><\/figure><\/div><\/div><\/li><li class=\"kb-slide-item kb-gallery-slide-item splide__slide\"><div class=\"kadence-blocks-gallery-item\"><div class=\"kadence-blocks-gallery-item-inner\"><figure class=\"kb-gallery-figure kadence-blocks-gallery-item-hide-caption\"><div class=\"kb-gal-image-radius\"><div class=\"kb-gallery-image-contain kadence-blocks-gallery-intrinsic kb-gallery-image-ratio-land32 kb-has-image-ratio-land32\" ><img loading=\"lazy\" decoding=\"async\" src=\"https:\/\/www.mdmarine-yachtcharter.com\/de\/wp-content\/uploads\/2025\/11\/Yachcharter_Marmaris_Tuerkei.jpg\" width=\"1024\" height=\"500\" alt=\"Katamarane und Segelyachten in Marmaris in der T\u00fcrkei mieten\" data-full-image=\"https:\/\/www.mdmarine-yachtcharter.com\/de\/wp-content\/uploads\/2025\/11\/Yachcharter_Marmaris_Tuerkei.jpg\" data-light-image=\"https:\/\/www.mdmarine-yachtcharter.com\/de\/wp-content\/uploads\/2025\/11\/Yachcharter_Marmaris_Tuerkei.jpg\" data-id=\"912\" class=\"wp-image-912 skip-lazy\" srcset=\"https:\/\/www.mdmarine-yachtcharter.com\/de\/wp-content\/uploads\/2025\/11\/Yachcharter_Marmaris_Tuerkei.jpg 1024w, https:\/\/www.mdmarine-yachtcharter.com\/de\/wp-content\/uploads\/2025\/11\/Yachcharter_Marmaris_Tuerkei-300x146.jpg 300w, https:\/\/www.mdmarine-yachtcharter.com\/de\/wp-content\/uploads\/2025\/11\/Yachcharter_Marmaris_Tuerkei-768x375.jpg 768w\" sizes=\"auto, (max-width: 1024px) 100vw, 1024px\" \/><\/div><\/div><\/figure><\/div><\/div><\/li><\/ul><\/div><\/div><\/div><\/div>\n\n\n<h2 class=\"wp-block-heading has-text-align-center\">Yachten in der T\u00fcrkei chartern<\/h2>\n\n\n\n<iframe class=\"wbm\" id=\"wbmResult\" src=\" https:\/\/www.booking-manager.com\/wbm2\/page.html?companyid=7381&#038;setlang=de&#038;view=SmallSearchForm&#038;target=_top&#038;controllerPage=https:\/\/www.mdmarine-yachtcharter.com\/de\/preise-buchung\/\" width=\"100%\" frameborder=\"0\" scrolling=\"no\" allowTransparency=\"true\"><\/iframe>\n\n<script src=\" https:\/\/www.booking-manager.com\/down\/wbm-alter.js\"><\/script>\n\n\n<style>.wp-block-kadence-spacer.kt-block-spacer-221_59b6ef-db .kt-block-spacer{height:60px;}.wp-block-kadence-spacer.kt-block-spacer-221_59b6ef-db .kt-divider{border-top-width:1px;height:1px;border-top-color:#eee;width:80%;border-top-style:solid;}<\/style>\n<div class=\"wp-block-kadence-spacer aligncenter kt-block-spacer-221_59b6ef-db\"><div class=\"kt-block-spacer kt-block-spacer-halign-center\"><hr class=\"kt-divider\"\/><\/div><\/div>\n\n\n\n<h3 class=\"wp-block-heading has-text-align-center\">Katamarane, Segelboote und Segelyachten in der T\u00fcrkei mieten<\/h3>\n\n\n<style>.wp-block-kadence-spacer.kt-block-spacer-221_d5be25-78 .kt-block-spacer{height:60px;}.wp-block-kadence-spacer.kt-block-spacer-221_d5be25-78 .kt-divider{border-top-width:1px;height:1px;border-top-color:#eee;width:80%;border-top-style:solid;}<\/style>\n<div class=\"wp-block-kadence-spacer aligncenter kt-block-spacer-221_d5be25-78\"><div class=\"kt-block-spacer kt-block-spacer-halign-center\"><hr class=\"kt-divider\"\/><\/div><\/div>\n\n\n<style>.wp-block-kadence-advancedgallery .kb-gallery-type-grid.kb-gallery-id-221_ed5c90-d7{margin:-5px;}.kb-gallery-type-grid.kb-gallery-id-221_ed5c90-d7 .kadence-blocks-gallery-item{padding:5px;}.kb-gallery-id-221_ed5c90-d7 .kadence-blocks-gallery-item .kb-gal-image-radius, .kb-gallery-id-221_ed5c90-d7 .kb-slide-item .kb-gal-image-radius img{border-radius:0px 0px 0px 0px;;}.kb-gallery-caption-style-bottom.kb-gallery-id-221_ed5c90-d7 .kadence-blocks-gallery-item .kadence-blocks-gallery-item-inner .kadence-blocks-gallery-item__caption, .kb-gallery-caption-style-bottom-hover.kb-gallery-id-221_ed5c90-d7 .kadence-blocks-gallery-item .kadence-blocks-gallery-item-inner .kadence-blocks-gallery-item__caption{background:linear-gradient(0deg, rgba(0, 0, 0, 0.8) 0, rgba(0, 0, 0, 0) 100%);}<\/style><div class=\"kb-gallery-wrap-id-221_ed5c90-d7 alignnone wp-block-kadence-advancedgallery\"><ul class=\"kb-gallery-ul kb-gallery-non-static kb-gallery-type-grid kb-gallery-id-221_ed5c90-d7 kb-gallery-caption-style-bottom kb-gallery-filter-none\" data-image-filter=\"none\" data-item-selector=\".kadence-blocks-gallery-item\" data-lightbox-caption=\"true\" data-columns-xxl=\"2\" data-columns-xl=\"2\" data-columns-md=\"2\" data-columns-sm=\"2\" data-columns-xs=\"1\" data-columns-ss=\"1\"><li class=\"kadence-blocks-gallery-item\"><div class=\"kadence-blocks-gallery-item-inner\"><figure class=\"kb-gallery-figure kb-gallery-item-has-link kadence-blocks-gallery-item-has-caption\"><a href=\"https:\/\/www.mdmarine-yachtcharter.com\/de\/yachten\/tuerkei\/fethiye\/\" class=\"kb-gallery-item-link\"  ><div class=\"kb-gal-image-radius\"><div class=\"kb-gallery-image-contain kadence-blocks-gallery-intrinsic kb-gallery-image-ratio-land32 kb-has-image-ratio-land32\" ><img loading=\"lazy\" decoding=\"async\" src=\"https:\/\/www.mdmarine-yachtcharter.com\/de\/wp-content\/uploads\/2025\/11\/Yachtcharter_Fethiye_Tuerkei.jpg\" width=\"1024\" height=\"500\" alt=\"Katamarane und Segelyachten in Fethiye in der T\u00fcrkei mieten\" data-full-image=\"https:\/\/www.mdmarine-yachtcharter.com\/de\/wp-content\/uploads\/2025\/11\/Yachtcharter_Fethiye_Tuerkei.jpg\" data-light-image=\"https:\/\/www.mdmarine-yachtcharter.com\/de\/wp-content\/uploads\/2025\/11\/Yachtcharter_Fethiye_Tuerkei.jpg\" data-id=\"913\" class=\"wp-image-913\" srcset=\"https:\/\/www.mdmarine-yachtcharter.com\/de\/wp-content\/uploads\/2025\/11\/Yachtcharter_Fethiye_Tuerkei.jpg 1024w, https:\/\/www.mdmarine-yachtcharter.com\/de\/wp-content\/uploads\/2025\/11\/Yachtcharter_Fethiye_Tuerkei-300x146.jpg 300w, https:\/\/www.mdmarine-yachtcharter.com\/de\/wp-content\/uploads\/2025\/11\/Yachtcharter_Fethiye_Tuerkei-768x375.jpg 768w\" sizes=\"auto, (max-width: 1024px) 100vw, 1024px\" \/><\/div><div class=\"kadence-blocks-gallery-item__caption\">Katamarane und Segelyachten in Fethiye in der T\u00fcrkei mieten<\/div><\/div><\/a><\/figure><\/div><\/li><li class=\"kadence-blocks-gallery-item\"><div class=\"kadence-blocks-gallery-item-inner\"><figure class=\"kb-gallery-figure kb-gallery-item-has-link kadence-blocks-gallery-item-has-caption\"><a href=\"https:\/\/www.mdmarine-yachtcharter.com\/de\/yachten\/tuerkei\/marmaris\/\" class=\"kb-gallery-item-link\"  ><div class=\"kb-gal-image-radius\"><div class=\"kb-gallery-image-contain kadence-blocks-gallery-intrinsic kb-gallery-image-ratio-land32 kb-has-image-ratio-land32\" ><img loading=\"lazy\" decoding=\"async\" src=\"https:\/\/www.mdmarine-yachtcharter.com\/de\/wp-content\/uploads\/2025\/11\/Yachcharter_Marmaris_Tuerkei.jpg\" width=\"1024\" height=\"500\" alt=\"Katamarane und Segelyachten in Marmaris in der T\u00fcrkei mieten\" data-full-image=\"https:\/\/www.mdmarine-yachtcharter.com\/de\/wp-content\/uploads\/2025\/11\/Yachcharter_Marmaris_Tuerkei.jpg\" data-light-image=\"https:\/\/www.mdmarine-yachtcharter.com\/de\/wp-content\/uploads\/2025\/11\/Yachcharter_Marmaris_Tuerkei.jpg\" data-id=\"912\" class=\"wp-image-912\" srcset=\"https:\/\/www.mdmarine-yachtcharter.com\/de\/wp-content\/uploads\/2025\/11\/Yachcharter_Marmaris_Tuerkei.jpg 1024w, https:\/\/www.mdmarine-yachtcharter.com\/de\/wp-content\/uploads\/2025\/11\/Yachcharter_Marmaris_Tuerkei-300x146.jpg 300w, https:\/\/www.mdmarine-yachtcharter.com\/de\/wp-content\/uploads\/2025\/11\/Yachcharter_Marmaris_Tuerkei-768x375.jpg 768w\" sizes=\"auto, (max-width: 1024px) 100vw, 1024px\" \/><\/div><div class=\"kadence-blocks-gallery-item__caption\">Katamarane und Segelyachten in Marmaris in der T\u00fcrkei mieten<\/div><\/div><\/a><\/figure><\/div><\/li><\/ul><\/div>\n\n<style>.wp-block-kadence-spacer.kt-block-spacer-221_bd35e4-3a .kt-block-spacer{height:60px;}.wp-block-kadence-spacer.kt-block-spacer-221_bd35e4-3a .kt-divider{border-top-width:1px;height:1px;border-top-color:#eee;width:80%;border-top-style:solid;}<\/style>\n<div class=\"wp-block-kadence-spacer aligncenter kt-block-spacer-221_bd35e4-3a\"><div class=\"kt-block-spacer kt-block-spacer-halign-center\"><hr class=\"kt-divider\"\/><\/div><\/div>\n","protected":false},"excerpt":{"rendered":"<p>Yachten in der T\u00fcrkei chartern Katamarane, Segelboote und Segelyachten in der T\u00fcrkei mieten<\/p>\n","protected":false},"author":1,"featured_media":0,"parent":35,"menu_order":0,"comment_status":"closed","ping_status":"closed","template":"","meta":{"kt_blocks_editor_width":"","footnotes":""},"class_list":["post-221","page","type-page","status-publish","hentry"],"yoast_head":"<!-- This site is optimized with the Yoast SEO plugin v27.4 - https:\/\/yoast.com\/product\/yoast-seo-wordpress\/ -->\n<title>Katamarane, Segelboote und Segelyachten in der T\u00fcrkei mieten<\/title>\n<meta name=\"description\" content=\"Katamarane, Segelboote und Segelyachten in der T\u00fcrkei mieten. Katamarane in der T\u00fcrkei mieten. Segelboote und segelyachten in der T\u00fcrkei mieten\" \/>\n<meta name=\"robots\" content=\"index, follow, max-snippet:-1, max-image-preview:large, max-video-preview:-1\" \/>\n<link rel=\"canonical\" href=\"https:\/\/www.mdmarine-yachtcharter.com\/de\/yachten\/tuerkei\/\" \/>\n<meta property=\"og:locale\" content=\"de_DE\" \/>\n<meta property=\"og:type\" content=\"article\" \/>\n<meta property=\"og:title\" content=\"Katamarane, Segelboote und Segelyachten in der T\u00fcrkei mieten\" \/>\n<meta property=\"og:description\" content=\"Katamarane, Segelboote und Segelyachten in der T\u00fcrkei mieten. Katamarane in der T\u00fcrkei mieten. Segelboote und segelyachten in der T\u00fcrkei mieten\" \/>\n<meta property=\"og:url\" content=\"https:\/\/www.mdmarine-yachtcharter.com\/de\/yachten\/tuerkei\/\" \/>\n<meta property=\"og:site_name\" content=\"M.D. Marine Yachtcharter\" \/>\n<meta property=\"article:modified_time\" content=\"2025-11-10T21:45:27+00:00\" \/>\n<meta name=\"twitter:card\" content=\"summary_large_image\" \/>\n<meta name=\"twitter:label1\" content=\"Gesch\u00e4tzte Lesezeit\" \/>\n\t<meta name=\"twitter:data1\" content=\"1\u00a0Minute\" \/>\n<script type=\"application\/ld+json\" class=\"yoast-schema-graph\">{\"@context\":\"https:\\\/\\\/schema.org\",\"@graph\":[{\"@type\":\"WebPage\",\"@id\":\"https:\\\/\\\/www.mdmarine-yachtcharter.com\\\/de\\\/yachten\\\/tuerkei\\\/\",\"url\":\"https:\\\/\\\/www.mdmarine-yachtcharter.com\\\/de\\\/yachten\\\/tuerkei\\\/\",\"name\":\"Katamarane, Segelboote und Segelyachten in der T\u00fcrkei mieten\",\"isPartOf\":{\"@id\":\"https:\\\/\\\/www.mdmarine-yachtcharter.com\\\/de\\\/#website\"},\"datePublished\":\"2025-10-29T20:36:09+00:00\",\"dateModified\":\"2025-11-10T21:45:27+00:00\",\"description\":\"Katamarane, Segelboote und Segelyachten in der T\u00fcrkei mieten. Katamarane in der T\u00fcrkei mieten. Segelboote und segelyachten in der T\u00fcrkei mieten\",\"breadcrumb\":{\"@id\":\"https:\\\/\\\/www.mdmarine-yachtcharter.com\\\/de\\\/yachten\\\/tuerkei\\\/#breadcrumb\"},\"inLanguage\":\"de\",\"potentialAction\":[{\"@type\":\"ReadAction\",\"target\":[\"https:\\\/\\\/www.mdmarine-yachtcharter.com\\\/de\\\/yachten\\\/tuerkei\\\/\"]}]},{\"@type\":\"BreadcrumbList\",\"@id\":\"https:\\\/\\\/www.mdmarine-yachtcharter.com\\\/de\\\/yachten\\\/tuerkei\\\/#breadcrumb\",\"itemListElement\":[{\"@type\":\"ListItem\",\"position\":1,\"name\":\"Startseite\",\"item\":\"https:\\\/\\\/www.mdmarine-yachtcharter.com\\\/de\\\/\"},{\"@type\":\"ListItem\",\"position\":2,\"name\":\"Yachten\",\"item\":\"https:\\\/\\\/www.mdmarine-yachtcharter.com\\\/de\\\/yachten\\\/\"},{\"@type\":\"ListItem\",\"position\":3,\"name\":\"T\u00fcrkei\"}]},{\"@type\":\"WebSite\",\"@id\":\"https:\\\/\\\/www.mdmarine-yachtcharter.com\\\/de\\\/#website\",\"url\":\"https:\\\/\\\/www.mdmarine-yachtcharter.com\\\/de\\\/\",\"name\":\"M.D. Marine Yachtcharter\",\"description\":\"\",\"publisher\":{\"@id\":\"https:\\\/\\\/www.mdmarine-yachtcharter.com\\\/de\\\/#organization\"},\"potentialAction\":[{\"@type\":\"SearchAction\",\"target\":{\"@type\":\"EntryPoint\",\"urlTemplate\":\"https:\\\/\\\/www.mdmarine-yachtcharter.com\\\/de\\\/?s={search_term_string}\"},\"query-input\":{\"@type\":\"PropertyValueSpecification\",\"valueRequired\":true,\"valueName\":\"search_term_string\"}}],\"inLanguage\":\"de\"},{\"@type\":\"Organization\",\"@id\":\"https:\\\/\\\/www.mdmarine-yachtcharter.com\\\/de\\\/#organization\",\"name\":\"M.D. Marine Travel Limited\",\"url\":\"https:\\\/\\\/www.mdmarine-yachtcharter.com\\\/de\\\/\",\"logo\":{\"@type\":\"ImageObject\",\"inLanguage\":\"de\",\"@id\":\"https:\\\/\\\/www.mdmarine-yachtcharter.com\\\/de\\\/#\\\/schema\\\/logo\\\/image\\\/\",\"url\":\"https:\\\/\\\/www.mdmarine-yachtcharter.com\\\/de\\\/wp-content\\\/uploads\\\/2024\\\/08\\\/mdmarine_logo.png\",\"contentUrl\":\"https:\\\/\\\/www.mdmarine-yachtcharter.com\\\/de\\\/wp-content\\\/uploads\\\/2024\\\/08\\\/mdmarine_logo.png\",\"width\":162,\"height\":56,\"caption\":\"M.D. Marine Travel Limited\"},\"image\":{\"@id\":\"https:\\\/\\\/www.mdmarine-yachtcharter.com\\\/de\\\/#\\\/schema\\\/logo\\\/image\\\/\"}}]}<\/script>\n<!-- \/ Yoast SEO plugin. -->","yoast_head_json":{"title":"Katamarane, Segelboote und Segelyachten in der T\u00fcrkei mieten","description":"Katamarane, Segelboote und Segelyachten in der T\u00fcrkei mieten. Katamarane in der T\u00fcrkei mieten. Segelboote und segelyachten in der T\u00fcrkei mieten","robots":{"index":"index","follow":"follow","max-snippet":"max-snippet:-1","max-image-preview":"max-image-preview:large","max-video-preview":"max-video-preview:-1"},"canonical":"https:\/\/www.mdmarine-yachtcharter.com\/de\/yachten\/tuerkei\/","og_locale":"de_DE","og_type":"article","og_title":"Katamarane, Segelboote und Segelyachten in der T\u00fcrkei mieten","og_description":"Katamarane, Segelboote und Segelyachten in der T\u00fcrkei mieten. Katamarane in der T\u00fcrkei mieten. Segelboote und segelyachten in der T\u00fcrkei mieten","og_url":"https:\/\/www.mdmarine-yachtcharter.com\/de\/yachten\/tuerkei\/","og_site_name":"M.D. Marine Yachtcharter","article_modified_time":"2025-11-10T21:45:27+00:00","twitter_card":"summary_large_image","twitter_misc":{"Gesch\u00e4tzte Lesezeit":"1\u00a0Minute"},"schema":{"@context":"https:\/\/schema.org","@graph":[{"@type":"WebPage","@id":"https:\/\/www.mdmarine-yachtcharter.com\/de\/yachten\/tuerkei\/","url":"https:\/\/www.mdmarine-yachtcharter.com\/de\/yachten\/tuerkei\/","name":"Katamarane, Segelboote und Segelyachten in der T\u00fcrkei mieten","isPartOf":{"@id":"https:\/\/www.mdmarine-yachtcharter.com\/de\/#website"},"datePublished":"2025-10-29T20:36:09+00:00","dateModified":"2025-11-10T21:45:27+00:00","description":"Katamarane, Segelboote und Segelyachten in der T\u00fcrkei mieten. Katamarane in der T\u00fcrkei mieten. Segelboote und segelyachten in der T\u00fcrkei mieten","breadcrumb":{"@id":"https:\/\/www.mdmarine-yachtcharter.com\/de\/yachten\/tuerkei\/#breadcrumb"},"inLanguage":"de","potentialAction":[{"@type":"ReadAction","target":["https:\/\/www.mdmarine-yachtcharter.com\/de\/yachten\/tuerkei\/"]}]},{"@type":"BreadcrumbList","@id":"https:\/\/www.mdmarine-yachtcharter.com\/de\/yachten\/tuerkei\/#breadcrumb","itemListElement":[{"@type":"ListItem","position":1,"name":"Startseite","item":"https:\/\/www.mdmarine-yachtcharter.com\/de\/"},{"@type":"ListItem","position":2,"name":"Yachten","item":"https:\/\/www.mdmarine-yachtcharter.com\/de\/yachten\/"},{"@type":"ListItem","position":3,"name":"T\u00fcrkei"}]},{"@type":"WebSite","@id":"https:\/\/www.mdmarine-yachtcharter.com\/de\/#website","url":"https:\/\/www.mdmarine-yachtcharter.com\/de\/","name":"M.D. Marine Yachtcharter","description":"","publisher":{"@id":"https:\/\/www.mdmarine-yachtcharter.com\/de\/#organization"},"potentialAction":[{"@type":"SearchAction","target":{"@type":"EntryPoint","urlTemplate":"https:\/\/www.mdmarine-yachtcharter.com\/de\/?s={search_term_string}"},"query-input":{"@type":"PropertyValueSpecification","valueRequired":true,"valueName":"search_term_string"}}],"inLanguage":"de"},{"@type":"Organization","@id":"https:\/\/www.mdmarine-yachtcharter.com\/de\/#organization","name":"M.D. Marine Travel Limited","url":"https:\/\/www.mdmarine-yachtcharter.com\/de\/","logo":{"@type":"ImageObject","inLanguage":"de","@id":"https:\/\/www.mdmarine-yachtcharter.com\/de\/#\/schema\/logo\/image\/","url":"https:\/\/www.mdmarine-yachtcharter.com\/de\/wp-content\/uploads\/2024\/08\/mdmarine_logo.png","contentUrl":"https:\/\/www.mdmarine-yachtcharter.com\/de\/wp-content\/uploads\/2024\/08\/mdmarine_logo.png","width":162,"height":56,"caption":"M.D. Marine Travel Limited"},"image":{"@id":"https:\/\/www.mdmarine-yachtcharter.com\/de\/#\/schema\/logo\/image\/"}}]}},"_links":{"self":[{"href":"https:\/\/www.mdmarine-yachtcharter.com\/de\/wp-json\/wp\/v2\/pages\/221","targetHints":{"allow":["GET"]}}],"collection":[{"href":"https:\/\/www.mdmarine-yachtcharter.com\/de\/wp-json\/wp\/v2\/pages"}],"about":[{"href":"https:\/\/www.mdmarine-yachtcharter.com\/de\/wp-json\/wp\/v2\/types\/page"}],"author":[{"embeddable":true,"href":"https:\/\/www.mdmarine-yachtcharter.com\/de\/wp-json\/wp\/v2\/users\/1"}],"replies":[{"embeddable":true,"href":"https:\/\/www.mdmarine-yachtcharter.com\/de\/wp-json\/wp\/v2\/comments?post=221"}],"version-history":[{"count":10,"href":"https:\/\/www.mdmarine-yachtcharter.com\/de\/wp-json\/wp\/v2\/pages\/221\/revisions"}],"predecessor-version":[{"id":1727,"href":"https:\/\/www.mdmarine-yachtcharter.com\/de\/wp-json\/wp\/v2\/pages\/221\/revisions\/1727"}],"up":[{"embeddable":true,"href":"https:\/\/www.mdmarine-yachtcharter.com\/de\/wp-json\/wp\/v2\/pages\/35"}],"wp:attachment":[{"href":"https:\/\/www.mdmarine-yachtcharter.com\/de\/wp-json\/wp\/v2\/media?parent=221"}],"curies":[{"name":"wp","href":"https:\/\/api.w.org\/{rel}","templated":true}]}}